{"id":9,"date":"2021-01-05T16:08:48","date_gmt":"2021-01-05T15:08:48","guid":{"rendered":"http:\/\/mrrey.look-e.cz\/index.php\/muj-ucet\/"},"modified":"2021-01-05T16:08:48","modified_gmt":"2021-01-05T15:08:48","slug":"muj-ucet","status":"publish","type":"page","link":"https:\/\/mrrey.look-e.cz\/index.php\/muj-ucet\/","title":{"rendered":"M\u016fj \u00fa\u010det"},"content":{"rendered":"<div class=\"woocommerce\"><\/div>\n","protected":false},"excerpt":{"rendered":"","protected":false},"author":1,"featured_media":0,"parent":0,"menu_order":0,"comment_status":"closed","ping_status":"closed","template":"","meta":[],"_links":{"self":[{"href":"https:\/\/mrrey.look-e.cz\/index.php\/wp-json\/wp\/v2\/pages\/9"}],"collection":[{"href":"https:\/\/mrrey.look-e.cz\/index.php\/wp-json\/wp\/v2\/pages"}],"about":[{"href":"https:\/\/mrrey.look-e.cz\/index.php\/wp-json\/wp\/v2\/types\/page"}],"author":[{"embeddable":true,"href":"https:\/\/mrrey.look-e.cz\/index.php\/wp-json\/wp\/v2\/users\/1"}],"replies":[{"embeddable":true,"href":"https:\/\/mrrey.look-e.cz\/index.php\/wp-json\/wp\/v2\/comments?post=9"}],"version-history":[{"count":0,"href":"https:\/\/mrrey.look-e.cz\/index.php\/wp-json\/wp\/v2\/pages\/9\/revisions"}],"wp:attachment":[{"href":"https:\/\/mrrey.look-e.cz\/index.php\/wp-json\/wp\/v2\/media?parent=9"}],"curies":[{"name":"wp","href":"https:\/\/api.w.org\/{rel}","templated":true}]}}